{"id":12,"date":"2018-03-22T11:06:09","date_gmt":"2018-03-22T11:06:09","guid":{"rendered":"http:\/\/fleursdechantier.com\/?page_id=12"},"modified":"2024-03-05T14:09:01","modified_gmt":"2024-03-05T14:09:01","slug":"videos","status":"publish","type":"page","link":"https:\/\/fleursdechantier.com\/de\/videos\/","title":{"rendered":"Videos"},"content":{"rendered":"<h1>Videos<\/h1>\n<div class=\"col\">\n<h2 class=\"regard\">Blicke<\/h2>\n<ol>\n<li><a href=\"https:\/\/www.youtube.com\/watch?v=kUNVds8p7fo\">Zwei Facetten<\/a><\/li>\n<li><a href=\"https:\/\/www.youtube.com\/watch?v=TjW84K6cLUo\">Richesse des diff\u00e9rences (vid\u00e9o momentan\u00e9ment indisponible)<\/a><\/li>\n<li><a href=\"https:\/\/www.youtube.com\/watch?v=JNvuWkTjH78\">Vorbild<\/a><\/li>\n<\/ol>\n<h2 class=\"emotion\">Gef\u00fchle<\/h2>\n<ol>\n<li><a href=\"https:\/\/www.youtube.com\/watch?v=BJYL0NZH84U\">Hautnah<\/a><\/li>\n<li><a href=\"https:\/\/www.youtube.com\/watch?v=Ww_fZdS6688\">Coller l\u2019id\u00e9al (vid\u00e9o momentan\u00e9ment indisponible)<\/a><\/li>\n<li>Ich bin\u2026\n<ul>\n<li><a href=\"https:\/\/www.youtube.com\/watch?v=7AyM2PH3_Qk\">Asch-Experiment<\/a><\/li>\n<li><a href=\"https:\/\/www.youtube.com\/watch?v=mxf7G0WEJ20\">Zusammenfassung des Milgram-Experiments<\/a><\/li>\n<\/ul>\n<\/li>\n<\/ol>\n<\/div>\n<div class=\"col\">\n<h2 class=\"pensee\">Gedanken<\/h2>\n<ol>\n<li><a href=\"https:\/\/www.youtube.com\/watch?v=i8E-wt9VgyA\">Mythe ou r\u00e9alit\u00e9 (vid\u00e9o momentan\u00e9ment indisponible)<\/a><\/li>\n<li><a href=\"https:\/\/www.youtube.com\/watch?v=RT9FmDBrewA\">Was ist Scho\u0308nheit?<\/a><\/li>\n<li><a href=\"https:\/\/www.youtube.com\/watch?v=jyI5Qvna694\">Mein Ko\u0308rper ist mein Haus<\/a><\/li>\n<\/ol>\n<h2 class=\"comportement\">Verhalten<\/h2>\n<ol>\n<li><a href=\"https:\/\/www.youtube.com\/watch?v=WWTRwj9t-vU\">Jemanden ausschliessen? Ausgeschlossen!<\/a><\/li>\n<li><a href=\"https:\/\/www.youtube.com\/watch?v=DI09L9bNIF8\">Rollenspiele<\/a><\/li>\n<li>Wettstreit oder Zusammenarbeit\n<ul>\n<li><a href=\"https:\/\/www.youtube.com\/watch?v=UmEpUJ2NvZk\">Lachen ist die ku\u0308rzeste Verbindung<\/a><\/li>\n<li><a href=\"https:\/\/www.youtube.com\/watch?v=Ka7yaC-NpeU\">Lachanfall in der U-Bahn<\/a><\/li>\n<\/ul>\n<\/li>\n<\/ol>\n<\/div>","protected":false},"excerpt":{"rendered":"<p>Vid\u00e9os Regard Deux facettes Richesse des diff\u00e9rences (vid\u00e9o momentan\u00e9ment indisponible) Mod\u00e8le \u00c9motion \u00c0 fleur de peau Coller l\u2019id\u00e9al (vid\u00e9o momentan\u00e9ment indisponible) Je m\u2019affirme debout Exp\u00e9rience de Asch Exp\u00e9rience de Milgram r\u00e9sum\u00e9e Pens\u00e9e Mythe ou r\u00e9alit\u00e9 (vid\u00e9o momentan\u00e9ment indisponible) La beaut\u00e9, c\u2019est quoi\u00a0? Le corps est une maison Comportement Exclure ? C\u2019est exclu\u00a0! Jeux de r\u00f4les &hellip; <\/p>\n<p class=\"link-more\"><a href=\"https:\/\/fleursdechantier.com\/de\/videos\/\" class=\"more-link\"><span class=\"screen-reader-text\">\u00ab\u00a0Videos\u00a0\u00bb<\/span> weiterlesen<\/a><\/p>","protected":false},"author":1,"featured_media":0,"parent":0,"menu_order":4,"comment_status":"closed","ping_status":"closed","template":"","meta":{"footnotes":""},"class_list":["post-12","page","type-page","status-publish","hentry"],"_links":{"self":[{"href":"https:\/\/fleursdechantier.com\/de\/wp-json\/wp\/v2\/pages\/12","targetHints":{"allow":["GET"]}}],"collection":[{"href":"https:\/\/fleursdechantier.com\/de\/wp-json\/wp\/v2\/pages"}],"about":[{"href":"https:\/\/fleursdechantier.com\/de\/wp-json\/wp\/v2\/types\/page"}],"author":[{"embeddable":true,"href":"https:\/\/fleursdechantier.com\/de\/wp-json\/wp\/v2\/users\/1"}],"replies":[{"embeddable":true,"href":"https:\/\/fleursdechantier.com\/de\/wp-json\/wp\/v2\/comments?post=12"}],"version-history":[{"count":10,"href":"https:\/\/fleursdechantier.com\/de\/wp-json\/wp\/v2\/pages\/12\/revisions"}],"predecessor-version":[{"id":239,"href":"https:\/\/fleursdechantier.com\/de\/wp-json\/wp\/v2\/pages\/12\/revisions\/239"}],"wp:attachment":[{"href":"https:\/\/fleursdechantier.com\/de\/wp-json\/wp\/v2\/media?parent=12"}],"curies":[{"name":"wp","href":"https:\/\/api.w.org\/{rel}","templated":true}]}}