{"id":15,"date":"2018-03-22T11:07:45","date_gmt":"2018-03-22T11:07:45","guid":{"rendered":"http:\/\/fleursdechantier.com\/?page_id=15"},"modified":"2019-09-27T14:05:58","modified_gmt":"2019-09-27T14:05:58","slug":"apropos","status":"publish","type":"page","link":"https:\/\/fleursdechantier.com\/de\/apropos\/","title":{"rendered":"\u00dcber uns"},"content":{"rendered":"<h2>Grunds\u00e4tze von \u00abFleurs de Chantier\u00bb<\/h2>\n<p>Aus den Projektgrunds\u00e4tzen lassen sich Werte ableiten, die f\u00fcr <strong>ALLE<\/strong> Nutzerinnen und Nutzer gelten.<\/p>\n<ul>\n<li><strong>Freiwillige Teilnahme<\/strong> : Wahl haben zwischen Aktiv und Passiv, Teilnehmen oder Beobachten.<\/li>\n<li><strong>Wohlwollen<\/strong> : jede Person so akzeptieren, wie sie ist, und sich bewusst werden, dass andere Realit\u00e4ten m\u00f6glich sind.<\/li>\n<li><strong>Authentizit\u00e4t<\/strong> : sich selbst gegen\u00fcber ehrlich und treu sein, unter Ber\u00fccksichtigung der eigenen St\u00e4rken und Schw\u00e4chen.<\/li>\n<li><strong>Aufgeschlossenheit<\/strong> : Willensfreiheit st\u00e4rken, um eine pluralistische Welt zu gew\u00e4hrleisten, die in die gleiche Richtung blickt.<\/li>\n<li><strong>Unvoreingenommenheit<\/strong> : die Realit\u00e4ten von anderen zu verstehen versuchen.<\/li>\n<li><strong>Zusammenarbeit<\/strong> : das Potenzial anderer erkennen, erg\u00e4nzende Ans\u00e4tze st\u00e4rken und horizontale Beziehungen schaffen, trotz unterschiedlicher Verantwortungsebenen und Rollen.<\/li>\n<li><strong>Respekt<\/strong> : andere anh\u00f6ren und sich selbst hinterfragen, um andere zu verstehen.<\/li>\n<li><strong>Kreativit\u00e4t<\/strong> : neue Dinge wagen und der Fantasie freien Lauf lassen.<\/li>\n<li><strong>Recht auf Fehler<\/strong> : eigene Fehler akzeptieren durch St\u00e4rkung des Lernprozesses und des Ergebnisses.<\/li>\n<\/ul>","protected":false},"excerpt":{"rendered":"<p>Principes des \u00ab Fleurs de Chantier \u00bb Les principes du projet peuvent se d\u00e9cliner \u00e0 travers des valeurs. Ils sont valables pour TOUS ses utilisateur\u2022trice\u2022s. La libre adh\u00e9sion : avoir le choix d\u2019\u00eatre actif ou passif, de participer ou d\u2019observer. La bienveillance : accepter chaque personne comme elle est et prendre conscience que d\u2019autres r\u00e9alit\u00e9s &hellip; <\/p>\n<p class=\"link-more\"><a href=\"https:\/\/fleursdechantier.com\/de\/apropos\/\" class=\"more-link\"><span class=\"screen-reader-text\">\u00ab\u00a0\u00c0 propos\u00a0\u00bb<\/span> weiterlesen<\/a><\/p>","protected":false},"author":1,"featured_media":0,"parent":0,"menu_order":1,"comment_status":"closed","ping_status":"closed","template":"","meta":{"footnotes":""},"class_list":["post-15","page","type-page","status-publish","hentry"],"_links":{"self":[{"href":"https:\/\/fleursdechantier.com\/de\/wp-json\/wp\/v2\/pages\/15","targetHints":{"allow":["GET"]}}],"collection":[{"href":"https:\/\/fleursdechantier.com\/de\/wp-json\/wp\/v2\/pages"}],"about":[{"href":"https:\/\/fleursdechantier.com\/de\/wp-json\/wp\/v2\/types\/page"}],"author":[{"embeddable":true,"href":"https:\/\/fleursdechantier.com\/de\/wp-json\/wp\/v2\/users\/1"}],"replies":[{"embeddable":true,"href":"https:\/\/fleursdechantier.com\/de\/wp-json\/wp\/v2\/comments?post=15"}],"version-history":[{"count":7,"href":"https:\/\/fleursdechantier.com\/de\/wp-json\/wp\/v2\/pages\/15\/revisions"}],"predecessor-version":[{"id":203,"href":"https:\/\/fleursdechantier.com\/de\/wp-json\/wp\/v2\/pages\/15\/revisions\/203"}],"wp:attachment":[{"href":"https:\/\/fleursdechantier.com\/de\/wp-json\/wp\/v2\/media?parent=15"}],"curies":[{"name":"wp","href":"https:\/\/api.w.org\/{rel}","templated":true}]}}