{"id":2,"date":"2016-05-10T03:48:21","date_gmt":"2016-05-10T03:48:21","guid":{"rendered":"http:\/\/fleursdechantier.com\/?page_id=2"},"modified":"2024-03-08T13:44:02","modified_gmt":"2024-03-08T13:44:02","slug":"accueil","status":"publish","type":"page","link":"https:\/\/fleursdechantier.com\/de\/","title":{"rendered":"Home"},"content":{"rendered":"<div class=\"col\">\n<h1>Pra\u0308sentation des Projekts<\/h1>\n<p>Le projet \u00ab\u00a0Fleurs de Chantier\u00a0\u00bb est soutenu par le Programme cantonal \u00ab\u00a0Alimentation, activit\u00e9 physique, sant\u00e9 mentale \u00bb du Service de la sant\u00e9 publique du canton de Fribourg.<\/p>\n<p>\u00abFleurs de Chantier\u00bb schafft Raum f\u00fcr physische, emotionale und mentale Erfahrungen. Diese Erfahrungen werden durch den Dialog verkn\u00fcpft und erm\u00f6glichen dem Zielpublikum <strong>une image de soi (IS)<\/strong>. Les activit\u00e9s des \u00ab\u00a0Fleurs de Chantier\u00a0\u00bb s\u2019inscrivent dans une d\u00e9marche de promotion de l\u2019IS (pr\u00e9vention \u00e0 long terme).<\/p>\n<p>Das Projekt bietet <strong>praktische Erfahrungen<\/strong> qui soutiennent le d\u00e9veloppement de l\u2019IS en mettant en \u00e9vidence les enjeux li\u00e9s \u00e0 l\u2019estime de soi, la confiance en soi et la conscience de soi.<\/p>\n<p>Zur F\u00f6rderung eines positiven K\u00f6rperbildes ist es sinnvoll, das Thema mit den Teilnehmenden und Fachpersonen in einem praktischen Kontext zu <strong>verbalisieren<\/strong> und es <strong>sich bewusst<\/strong>zu machen. Indem wir einer Person Raum f\u00fcr Experimente und Begegnungen schaffen und ihr die M\u00f6glichkeit geben, Verantwortung zu \u00fcbernehmen, kann sie ihren K\u00f6rper, ihr Selbstbild und ihre eigene Wahrnehmung entdecken. Der Ausdruck von Individualit\u00e4t, Pers\u00f6nlichkeit und Kreativit\u00e4t wird stark unterst\u00fctzt; zudem f\u00f6rdert das Projekt den Austausch zwischen dem Einzelnen und dem Kollektiv.<\/p>\n<\/div>\n<div class=\"col\"><img loading=\"lazy\" decoding=\"async\" class=\"alignnone size-medium wp-image-78\" src=\"http:\/\/fleursdechantier.com\/wp-content\/uploads\/apercu_boite_carre-680x478.jpg\" alt=\"\" width=\"680\" height=\"478\" srcset=\"https:\/\/fleursdechantier.com\/wp-content\/uploads\/apercu_boite_carre-680x478.jpg 680w, https:\/\/fleursdechantier.com\/wp-content\/uploads\/apercu_boite_carre-768x540.jpg 768w, https:\/\/fleursdechantier.com\/wp-content\/uploads\/apercu_boite_carre.jpg 897w\" sizes=\"auto, (max-width: 680px) 100vw, 680px\" \/><\/div>\n<div><strong>Le but ici n\u2019est pas l\u2019activit\u00e9 en elle-m\u00eame, mais la mise en \u00e9vidence des enjeux li\u00e9s \u00e0 l\u2019IS.<\/strong>Jeder Mensch, egal welchen Alters, orientiert sich stark an <strong>Vorbildern<\/strong>und imitiert deren Verhalten. Die <strong>Fachperson<\/strong> ist die wichtigste Tr\u00e4gerin des Projekts; sie nimmt eine starke Vorbildrolle ein. Es ist daher wichtig, dass sich diese Person \u00fcber ihr eigenes K\u00f6rperbild, ihre Wahrnehmungen und \u00fcberzeugungen im Klaren ist. <strong>Je mehr sie sich hinterfragt, desto mehr qualifiziert sie sich als Projekttr\u00e4gerin.<\/strong>.<\/div>\n<div class=\"announce\">Das Methodologie-Werkzeug ist da!<\/div>\n<div><strong>\u00ab Fleurs de Chantier \u00bb est un projet qui permet d\u2019aborder des questions sur les r\u00e8gles, la libert\u00e9, l&rsquo;identit\u00e9, le groupe ou encore l&rsquo;environnement au travers de la th\u00e9matique de l\u2019image de soi. Cette bo\u00eete est un outil m\u00e9thodologique et didactique permettant de s\u2019approprier le projet.<\/strong><\/div>\n<div><a class=\"btn\" href=\"\/de\/&\/#109;&#x61;i&#108;&#x74;o&#x3a;&#x69;&#110;&#x66;o&#64;&#x66;l&#101;&#x75;&#114;&#x73;d&#101;&#x63;h&#97;&#x6e;&#116;&#x69;&#x65;&#114;&#x2e;c&#111;&#x6d;?&amp;subject=Fleurs de Chantier\">Interesse an der Spielbox? Bitte das Koordinationsteam kontaktieren.<\/a><\/div>","protected":false},"excerpt":{"rendered":"<p>Pr\u00e9sentation du projet Le projet \u00ab\u00a0Fleurs de Chantier\u00a0\u00bb est soutenu par le Programme cantonal \u00ab\u00a0Alimentation, activit\u00e9 physique, sant\u00e9 mentale \u00bb du Service de la sant\u00e9 publique du canton de Fribourg. \u00ab\u00a0Fleurs de Chantier\u00a0\u00bb cr\u00e9e des espaces d\u2019exp\u00e9riences corporelles, affectives et psychiques. En unifiant ces espaces par le dialogue, il permet de d\u00e9velopper une image de &hellip; <\/p>\n<p class=\"link-more\"><a href=\"https:\/\/fleursdechantier.com\/de\/\" class=\"more-link\"><span class=\"screen-reader-text\">\u00ab\u00a0Accueil\u00a0\u00bb<\/span> weiterlesen<\/a><\/p>","protected":false},"author":1,"featured_media":0,"parent":0,"menu_order":0,"comment_status":"closed","ping_status":"closed","template":"","meta":{"footnotes":""},"class_list":["post-2","page","type-page","status-publish","hentry"],"_links":{"self":[{"href":"https:\/\/fleursdechantier.com\/de\/wp-json\/wp\/v2\/pages\/2","targetHints":{"allow":["GET"]}}],"collection":[{"href":"https:\/\/fleursdechantier.com\/de\/wp-json\/wp\/v2\/pages"}],"about":[{"href":"https:\/\/fleursdechantier.com\/de\/wp-json\/wp\/v2\/types\/page"}],"author":[{"embeddable":true,"href":"https:\/\/fleursdechantier.com\/de\/wp-json\/wp\/v2\/users\/1"}],"replies":[{"embeddable":true,"href":"https:\/\/fleursdechantier.com\/de\/wp-json\/wp\/v2\/comments?post=2"}],"version-history":[{"count":38,"href":"https:\/\/fleursdechantier.com\/de\/wp-json\/wp\/v2\/pages\/2\/revisions"}],"predecessor-version":[{"id":247,"href":"https:\/\/fleursdechantier.com\/de\/wp-json\/wp\/v2\/pages\/2\/revisions\/247"}],"wp:attachment":[{"href":"https:\/\/fleursdechantier.com\/de\/wp-json\/wp\/v2\/media?parent=2"}],"curies":[{"name":"wp","href":"https:\/\/api.w.org\/{rel}","templated":true}]}}