{"id":2,"date":"2016-05-10T03:48:21","date_gmt":"2016-05-10T03:48:21","guid":{"rendered":"http:\/\/fleursdechantier.com\/?page_id=2"},"modified":"2024-03-08T13:44:02","modified_gmt":"2024-03-08T13:44:02","slug":"accueil","status":"publish","type":"page","link":"https:\/\/fleursdechantier.com\/fr\/","title":{"rendered":"Accueil"},"content":{"rendered":"<div class=\"col\">\n<h1>Pr\u00e9sentation du projet<\/h1>\n<p>Le projet \u00ab\u00a0Fleurs de Chantier\u00a0\u00bb est soutenu par le Programme cantonal \u00ab\u00a0Alimentation, activit\u00e9 physique, sant\u00e9 mentale \u00bb du Service de la sant\u00e9 publique du canton de Fribourg.<\/p>\n<p>\u00ab\u00a0Fleurs de Chantier\u00a0\u00bb cr\u00e9e des espaces d\u2019exp\u00e9riences corporelles, affectives et psychiques. En unifiant ces espaces par le dialogue, il permet de d\u00e9velopper <strong>une image de soi (IS)<\/strong>. Les activit\u00e9s des \u00ab\u00a0Fleurs de Chantier\u00a0\u00bb s\u2019inscrivent dans une d\u00e9marche de promotion de l\u2019IS (pr\u00e9vention \u00e0 long terme).<\/p>\n<p>Le projet propose des <strong>exp\u00e9riences pratiques<\/strong> qui soutiennent le d\u00e9veloppement de l\u2019IS en mettant en \u00e9vidence les enjeux li\u00e9s \u00e0 l\u2019estime de soi, la confiance en soi et la conscience de soi.<\/p>\n<p>Il est judicieux d\u2019immerger les participant\u2022e\u2022s et les professionnel\u2022le\u2022s dans un contexte pratique, pour ensuite effectuer un travail de <strong>verbalisation<\/strong> et de <strong>conscientisation<\/strong>. En offrant des espaces d\u2019exp\u00e9rimentation, de prise de responsabilit\u00e9 et de rencontre, la personne d\u00e9couvre son corps, son image et sa perception d\u2019elle-m\u00eame. L\u2019expression de son individualit\u00e9, de sa personnalit\u00e9 et de sa cr\u00e9ativit\u00e9 est grandement encourag\u00e9e. De plus, le projet favorise des \u00e9changes entre l\u2019individu et le collectif.<\/p>\n<\/div>\n<div class=\"col\"><img loading=\"lazy\" decoding=\"async\" class=\"alignnone size-medium wp-image-78\" src=\"http:\/\/fleursdechantier.com\/wp-content\/uploads\/apercu_boite_carre-680x478.jpg\" alt=\"\" width=\"680\" height=\"478\" srcset=\"https:\/\/fleursdechantier.com\/wp-content\/uploads\/apercu_boite_carre-680x478.jpg 680w, https:\/\/fleursdechantier.com\/wp-content\/uploads\/apercu_boite_carre-768x540.jpg 768w, https:\/\/fleursdechantier.com\/wp-content\/uploads\/apercu_boite_carre.jpg 897w\" sizes=\"auto, (max-width: 680px) 100vw, 680px\" \/><\/div>\n<div><strong>Le but ici n\u2019est pas l\u2019activit\u00e9 en elle-m\u00eame, mais la mise en \u00e9vidence des enjeux li\u00e9s \u00e0 l\u2019IS.<\/strong>L\u2019\u00eatre humain, de tout \u00e2ge, peut \u00eatre caract\u00e9ris\u00e9 par un comportement mim\u00e9tique face \u00e0 des <strong>mod\u00e8les<\/strong>. Le\u2022la <strong>professionnel\u2022le<\/strong> est le vecteur du projet. Il\u2022elle devient donc un mod\u00e8le important. En ce sens, il est essentiel de s\u2019interroger sur l\u2019image corporelle qu\u2019il\u2022elle a de lui\u2022elle-m\u00eame, sur ses perceptions et ses croyances. <strong>Plus il\/elle ose se questionner sur lui\u2022elle-m\u00eame, plus il\/elle acquiert de comp\u00e9tences pour \u00eatre porteur\u2022euse du projet<\/strong>.<\/div>\n<div class=\"announce\">L\u2019outil\u00a0m\u00e9thodologique est\u00a0disponible\u00a0!<\/div>\n<div><strong>\u00ab Fleurs de Chantier \u00bb est un projet qui permet d\u2019aborder des questions sur les r\u00e8gles, la libert\u00e9, l&rsquo;identit\u00e9, le groupe ou encore l&rsquo;environnement au travers de la th\u00e9matique de l\u2019image de soi. Cette bo\u00eete est un outil m\u00e9thodologique et didactique permettant de s\u2019approprier le projet.<\/strong><\/div>\n<div><a class=\"btn\" href=\"mai&#108;&#116;&#111;&#x3a;&#x69;&#x6e;&#x66;&#x6f;&#x40;fle&#117;&#114;&#115;&#100;&#x65;&#x63;&#x68;&#x61;&#x6e;&#x74;ier&#46;&#99;&#111;&#x6d;?&amp;subject=Fleurs de Chantier\">Pour l\u2019obtenir, contactez la coordination du projet.<\/a><\/div>\n","protected":false},"excerpt":{"rendered":"<p>Pr\u00e9sentation du projet Le projet \u00ab\u00a0Fleurs de Chantier\u00a0\u00bb est soutenu par le Programme cantonal \u00ab\u00a0Alimentation, activit\u00e9 physique, sant\u00e9 mentale \u00bb du Service de la sant\u00e9 publique du canton de Fribourg. \u00ab\u00a0Fleurs de Chantier\u00a0\u00bb cr\u00e9e des espaces d\u2019exp\u00e9riences corporelles, affectives et psychiques. En unifiant ces espaces par le dialogue, il permet de d\u00e9velopper une image de &hellip; <\/p>\n<p class=\"link-more\"><a href=\"https:\/\/fleursdechantier.com\/fr\/\" class=\"more-link\">Continuer la lecture<span class=\"screen-reader-text\"> de &laquo;&nbsp;Accueil&nbsp;&raquo;<\/span><\/a><\/p>\n","protected":false},"author":1,"featured_media":0,"parent":0,"menu_order":0,"comment_status":"closed","ping_status":"closed","template":"","meta":{"footnotes":""},"class_list":["post-2","page","type-page","status-publish","hentry"],"_links":{"self":[{"href":"https:\/\/fleursdechantier.com\/fr\/wp-json\/wp\/v2\/pages\/2","targetHints":{"allow":["GET"]}}],"collection":[{"href":"https:\/\/fleursdechantier.com\/fr\/wp-json\/wp\/v2\/pages"}],"about":[{"href":"https:\/\/fleursdechantier.com\/fr\/wp-json\/wp\/v2\/types\/page"}],"author":[{"embeddable":true,"href":"https:\/\/fleursdechantier.com\/fr\/wp-json\/wp\/v2\/users\/1"}],"replies":[{"embeddable":true,"href":"https:\/\/fleursdechantier.com\/fr\/wp-json\/wp\/v2\/comments?post=2"}],"version-history":[{"count":38,"href":"https:\/\/fleursdechantier.com\/fr\/wp-json\/wp\/v2\/pages\/2\/revisions"}],"predecessor-version":[{"id":247,"href":"https:\/\/fleursdechantier.com\/fr\/wp-json\/wp\/v2\/pages\/2\/revisions\/247"}],"wp:attachment":[{"href":"https:\/\/fleursdechantier.com\/fr\/wp-json\/wp\/v2\/media?parent=2"}],"curies":[{"name":"wp","href":"https:\/\/api.w.org\/{rel}","templated":true}]}}